{"id":4084,"date":"2024-02-25T16:15:15","date_gmt":"2024-02-25T16:15:15","guid":{"rendered":"https:\/\/afw.com.tr\/?post_type=product&#038;p=4084"},"modified":"2025-06-07T20:27:57","modified_gmt":"2025-06-07T20:27:57","slug":"buyucu-kostum","status":"publish","type":"product","link":"https:\/\/afw.com.tr\/tr\/urun\/buyucu-kostum\/","title":{"rendered":"B\u00fcy\u00fcc\u00fc Kost\u00fcm"},"content":{"rendered":"<p>B\u00fcy\u00fcc\u00fc Kost\u00fcm<\/p>","protected":false},"excerpt":{"rendered":"<p>B\u00fcy\u00fcc\u00fc Kost\u00fcm<\/p>","protected":false},"featured_media":4085,"comment_status":"open","ping_status":"closed","template":"","meta":[],"product_cat":[106],"product_tag":[111,107],"_links":{"self":[{"href":"https:\/\/afw.com.tr\/tr\/wp-json\/wp\/v2\/product\/4084"}],"collection":[{"href":"https:\/\/afw.com.tr\/tr\/wp-json\/wp\/v2\/product"}],"about":[{"href":"https:\/\/afw.com.tr\/tr\/wp-json\/wp\/v2\/types\/product"}],"replies":[{"embeddable":true,"href":"https:\/\/afw.com.tr\/tr\/wp-json\/wp\/v2\/comments?post=4084"}],"wp:featuredmedia":[{"embeddable":true,"href":"https:\/\/afw.com.tr\/tr\/wp-json\/wp\/v2\/media\/4085"}],"wp:attachment":[{"href":"https:\/\/afw.com.tr\/tr\/wp-json\/wp\/v2\/media?parent=4084"}],"wp:term":[{"taxonomy":"product_cat","embeddable":true,"href":"https:\/\/afw.com.tr\/tr\/wp-json\/wp\/v2\/product_cat?post=4084"},{"taxonomy":"product_tag","embeddable":true,"href":"https:\/\/afw.com.tr\/tr\/wp-json\/wp\/v2\/product_tag?post=4084"}],"curies":[{"name":"wp","href":"https:\/\/api.w.org\/{rel}","templated":true}]}}