{"id":4078,"date":"2024-02-25T16:12:32","date_gmt":"2024-02-25T16:12:32","guid":{"rendered":"https:\/\/afw.com.tr\/?post_type=product&#038;p=4078"},"modified":"2024-02-25T16:12:32","modified_gmt":"2024-02-25T16:12:32","slug":"sovalye-kostum","status":"publish","type":"product","link":"https:\/\/afw.com.tr\/tr\/urun\/sovalye-kostum\/","title":{"rendered":"\u015e\u00f6valye Kost\u00fcm"},"content":{"rendered":"<p>\u015e\u00f6valye Kost\u00fcm<\/p>","protected":false},"excerpt":{"rendered":"<p>\u015e\u00f6valye Kost\u00fcm<\/p>","protected":false},"featured_media":4079,"comment_status":"open","ping_status":"closed","template":"","meta":[],"product_cat":[106],"product_tag":[107,110],"_links":{"self":[{"href":"https:\/\/afw.com.tr\/tr\/wp-json\/wp\/v2\/product\/4078"}],"collection":[{"href":"https:\/\/afw.com.tr\/tr\/wp-json\/wp\/v2\/product"}],"about":[{"href":"https:\/\/afw.com.tr\/tr\/wp-json\/wp\/v2\/types\/product"}],"replies":[{"embeddable":true,"href":"https:\/\/afw.com.tr\/tr\/wp-json\/wp\/v2\/comments?post=4078"}],"wp:featuredmedia":[{"embeddable":true,"href":"https:\/\/afw.com.tr\/tr\/wp-json\/wp\/v2\/media\/4079"}],"wp:attachment":[{"href":"https:\/\/afw.com.tr\/tr\/wp-json\/wp\/v2\/media?parent=4078"}],"wp:term":[{"taxonomy":"product_cat","embeddable":true,"href":"https:\/\/afw.com.tr\/tr\/wp-json\/wp\/v2\/product_cat?post=4078"},{"taxonomy":"product_tag","embeddable":true,"href":"https:\/\/afw.com.tr\/tr\/wp-json\/wp\/v2\/product_tag?post=4078"}],"curies":[{"name":"wp","href":"https:\/\/api.w.org\/{rel}","templated":true}]}}