{"id":4052,"date":"2024-02-25T16:03:13","date_gmt":"2024-02-25T16:03:13","guid":{"rendered":"https:\/\/afw.com.tr\/?post_type=product&#038;p=4052"},"modified":"2025-06-01T09:33:24","modified_gmt":"2025-06-01T09:33:24","slug":"kadin-korsan-kostum","status":"publish","type":"product","link":"https:\/\/afw.com.tr\/tr\/urun\/kadin-korsan-kostum\/","title":{"rendered":"Kad\u0131n Korsan Kost\u00fcm"},"content":{"rendered":"<p>Kad\u0131n Korsan Kost\u00fcm<\/p>","protected":false},"excerpt":{"rendered":"<p>Kad\u0131n Korsan Kost\u00fcm<\/p>","protected":false},"featured_media":4053,"comment_status":"open","ping_status":"closed","template":"","meta":[],"product_cat":[106],"product_tag":[109,107],"_links":{"self":[{"href":"https:\/\/afw.com.tr\/tr\/wp-json\/wp\/v2\/product\/4052"}],"collection":[{"href":"https:\/\/afw.com.tr\/tr\/wp-json\/wp\/v2\/product"}],"about":[{"href":"https:\/\/afw.com.tr\/tr\/wp-json\/wp\/v2\/types\/product"}],"replies":[{"embeddable":true,"href":"https:\/\/afw.com.tr\/tr\/wp-json\/wp\/v2\/comments?post=4052"}],"wp:featuredmedia":[{"embeddable":true,"href":"https:\/\/afw.com.tr\/tr\/wp-json\/wp\/v2\/media\/4053"}],"wp:attachment":[{"href":"https:\/\/afw.com.tr\/tr\/wp-json\/wp\/v2\/media?parent=4052"}],"wp:term":[{"taxonomy":"product_cat","embeddable":true,"href":"https:\/\/afw.com.tr\/tr\/wp-json\/wp\/v2\/product_cat?post=4052"},{"taxonomy":"product_tag","embeddable":true,"href":"https:\/\/afw.com.tr\/tr\/wp-json\/wp\/v2\/product_tag?post=4052"}],"curies":[{"name":"wp","href":"https:\/\/api.w.org\/{rel}","templated":true}]}}