{"id":4040,"date":"2024-02-25T09:32:31","date_gmt":"2024-02-25T09:32:31","guid":{"rendered":"https:\/\/afw.com.tr\/?post_type=product&#038;p=4040"},"modified":"2024-02-25T09:32:31","modified_gmt":"2024-02-25T09:32:31","slug":"takma-kirpik-kirmizi-siyah","status":"publish","type":"product","link":"https:\/\/afw.com.tr\/tr\/urun\/takma-kirpik-kirmizi-siyah\/","title":{"rendered":"Takma Kirpik K\u0131rm\u0131z\u0131-Siyah"},"content":{"rendered":"<p>Takma Kirpik K\u0131rm\u0131z\u0131-Siyah<\/p>","protected":false},"excerpt":{"rendered":"<p>Takma Kirpik K\u0131rm\u0131z\u0131-Siyah<\/p>","protected":false},"featured_media":4041,"comment_status":"open","ping_status":"closed","template":"","meta":[],"product_cat":[78],"product_tag":[100],"_links":{"self":[{"href":"https:\/\/afw.com.tr\/tr\/wp-json\/wp\/v2\/product\/4040"}],"collection":[{"href":"https:\/\/afw.com.tr\/tr\/wp-json\/wp\/v2\/product"}],"about":[{"href":"https:\/\/afw.com.tr\/tr\/wp-json\/wp\/v2\/types\/product"}],"replies":[{"embeddable":true,"href":"https:\/\/afw.com.tr\/tr\/wp-json\/wp\/v2\/comments?post=4040"}],"wp:featuredmedia":[{"embeddable":true,"href":"https:\/\/afw.com.tr\/tr\/wp-json\/wp\/v2\/media\/4041"}],"wp:attachment":[{"href":"https:\/\/afw.com.tr\/tr\/wp-json\/wp\/v2\/media?parent=4040"}],"wp:term":[{"taxonomy":"product_cat","embeddable":true,"href":"https:\/\/afw.com.tr\/tr\/wp-json\/wp\/v2\/product_cat?post=4040"},{"taxonomy":"product_tag","embeddable":true,"href":"https:\/\/afw.com.tr\/tr\/wp-json\/wp\/v2\/product_tag?post=4040"}],"curies":[{"name":"wp","href":"https:\/\/api.w.org\/{rel}","templated":true}]}}