{"id":4038,"date":"2024-02-25T09:31:24","date_gmt":"2024-02-25T09:31:24","guid":{"rendered":"https:\/\/afw.com.tr\/?post_type=product&#038;p=4038"},"modified":"2024-02-25T09:31:24","modified_gmt":"2024-02-25T09:31:24","slug":"uzun-takma-kirpik-kirmizi","status":"publish","type":"product","link":"https:\/\/afw.com.tr\/tr\/urun\/uzun-takma-kirpik-kirmizi\/","title":{"rendered":"Uzun Takma Kirpik K\u0131rm\u0131z\u0131"},"content":{"rendered":"<p>Uzun Takma Kirpik K\u0131rm\u0131z\u0131<\/p>","protected":false},"excerpt":{"rendered":"<p>Uzun Takma Kirpik K\u0131rm\u0131z\u0131<\/p>","protected":false},"featured_media":4039,"comment_status":"open","ping_status":"closed","template":"","meta":[],"product_cat":[78],"product_tag":[100],"_links":{"self":[{"href":"https:\/\/afw.com.tr\/tr\/wp-json\/wp\/v2\/product\/4038"}],"collection":[{"href":"https:\/\/afw.com.tr\/tr\/wp-json\/wp\/v2\/product"}],"about":[{"href":"https:\/\/afw.com.tr\/tr\/wp-json\/wp\/v2\/types\/product"}],"replies":[{"embeddable":true,"href":"https:\/\/afw.com.tr\/tr\/wp-json\/wp\/v2\/comments?post=4038"}],"wp:featuredmedia":[{"embeddable":true,"href":"https:\/\/afw.com.tr\/tr\/wp-json\/wp\/v2\/media\/4039"}],"wp:attachment":[{"href":"https:\/\/afw.com.tr\/tr\/wp-json\/wp\/v2\/media?parent=4038"}],"wp:term":[{"taxonomy":"product_cat","embeddable":true,"href":"https:\/\/afw.com.tr\/tr\/wp-json\/wp\/v2\/product_cat?post=4038"},{"taxonomy":"product_tag","embeddable":true,"href":"https:\/\/afw.com.tr\/tr\/wp-json\/wp\/v2\/product_tag?post=4038"}],"curies":[{"name":"wp","href":"https:\/\/api.w.org\/{rel}","templated":true}]}}