{"id":4034,"date":"2024-02-25T09:26:31","date_gmt":"2024-02-25T09:26:31","guid":{"rendered":"https:\/\/afw.com.tr\/?post_type=product&#038;p=4034"},"modified":"2025-06-07T06:36:45","modified_gmt":"2025-06-07T06:36:45","slug":"tuy-takma-kirpik-karisik-renk","status":"publish","type":"product","link":"https:\/\/afw.com.tr\/tr\/urun\/tuy-takma-kirpik-karisik-renk\/","title":{"rendered":"T\u00fcy Takma Kirpik Kar\u0131\u015f\u0131k Renk"},"content":{"rendered":"<p>T\u00fcy Takma Kirpik Kar\u0131\u015f\u0131k Renk<\/p>","protected":false},"excerpt":{"rendered":"<p>T\u00fcy Takma Kirpik Kar\u0131\u015f\u0131k Renk<\/p>","protected":false},"featured_media":4035,"comment_status":"open","ping_status":"closed","template":"","meta":[],"product_cat":[78],"product_tag":[102,100],"_links":{"self":[{"href":"https:\/\/afw.com.tr\/tr\/wp-json\/wp\/v2\/product\/4034"}],"collection":[{"href":"https:\/\/afw.com.tr\/tr\/wp-json\/wp\/v2\/product"}],"about":[{"href":"https:\/\/afw.com.tr\/tr\/wp-json\/wp\/v2\/types\/product"}],"replies":[{"embeddable":true,"href":"https:\/\/afw.com.tr\/tr\/wp-json\/wp\/v2\/comments?post=4034"}],"wp:featuredmedia":[{"embeddable":true,"href":"https:\/\/afw.com.tr\/tr\/wp-json\/wp\/v2\/media\/4035"}],"wp:attachment":[{"href":"https:\/\/afw.com.tr\/tr\/wp-json\/wp\/v2\/media?parent=4034"}],"wp:term":[{"taxonomy":"product_cat","embeddable":true,"href":"https:\/\/afw.com.tr\/tr\/wp-json\/wp\/v2\/product_cat?post=4034"},{"taxonomy":"product_tag","embeddable":true,"href":"https:\/\/afw.com.tr\/tr\/wp-json\/wp\/v2\/product_tag?post=4034"}],"curies":[{"name":"wp","href":"https:\/\/api.w.org\/{rel}","templated":true}]}}