{"id":4030,"date":"2024-02-25T09:21:04","date_gmt":"2024-02-25T09:21:04","guid":{"rendered":"https:\/\/afw.com.tr\/?post_type=product&#038;p=4030"},"modified":"2024-02-25T09:21:04","modified_gmt":"2024-02-25T09:21:04","slug":"tasli-takma-kirpik","status":"publish","type":"product","link":"https:\/\/afw.com.tr\/tr\/urun\/tasli-takma-kirpik\/","title":{"rendered":"Ta\u015fl\u0131 Takma Kirpik"},"content":{"rendered":"<p>Ta\u015fl\u0131 Takma Kirpik<\/p>","protected":false},"excerpt":{"rendered":"<p>Ta\u015fl\u0131 Takma Kirpik<\/p>","protected":false},"featured_media":4031,"comment_status":"open","ping_status":"closed","template":"","meta":[],"product_cat":[78],"product_tag":[100,101],"_links":{"self":[{"href":"https:\/\/afw.com.tr\/tr\/wp-json\/wp\/v2\/product\/4030"}],"collection":[{"href":"https:\/\/afw.com.tr\/tr\/wp-json\/wp\/v2\/product"}],"about":[{"href":"https:\/\/afw.com.tr\/tr\/wp-json\/wp\/v2\/types\/product"}],"replies":[{"embeddable":true,"href":"https:\/\/afw.com.tr\/tr\/wp-json\/wp\/v2\/comments?post=4030"}],"wp:featuredmedia":[{"embeddable":true,"href":"https:\/\/afw.com.tr\/tr\/wp-json\/wp\/v2\/media\/4031"}],"wp:attachment":[{"href":"https:\/\/afw.com.tr\/tr\/wp-json\/wp\/v2\/media?parent=4030"}],"wp:term":[{"taxonomy":"product_cat","embeddable":true,"href":"https:\/\/afw.com.tr\/tr\/wp-json\/wp\/v2\/product_cat?post=4030"},{"taxonomy":"product_tag","embeddable":true,"href":"https:\/\/afw.com.tr\/tr\/wp-json\/wp\/v2\/product_tag?post=4030"}],"curies":[{"name":"wp","href":"https:\/\/api.w.org\/{rel}","templated":true}]}}