{"id":4026,"date":"2024-02-25T09:15:35","date_gmt":"2024-02-25T09:15:35","guid":{"rendered":"https:\/\/afw.com.tr\/?post_type=product&#038;p=4026"},"modified":"2024-02-25T09:15:35","modified_gmt":"2024-02-25T09:15:35","slug":"yuvarlak-gozluk","status":"publish","type":"product","link":"https:\/\/afw.com.tr\/tr\/urun\/yuvarlak-gozluk\/","title":{"rendered":"Yuvarlak G\u00f6zl\u00fck"},"content":{"rendered":"<p>Yuvarlak G\u00f6zl\u00fck<\/p>","protected":false},"excerpt":{"rendered":"<p>Yuvarlak G\u00f6zl\u00fck<\/p>","protected":false},"featured_media":4027,"comment_status":"open","ping_status":"closed","template":"","meta":[],"product_cat":[78],"product_tag":[95,98],"_links":{"self":[{"href":"https:\/\/afw.com.tr\/tr\/wp-json\/wp\/v2\/product\/4026"}],"collection":[{"href":"https:\/\/afw.com.tr\/tr\/wp-json\/wp\/v2\/product"}],"about":[{"href":"https:\/\/afw.com.tr\/tr\/wp-json\/wp\/v2\/types\/product"}],"replies":[{"embeddable":true,"href":"https:\/\/afw.com.tr\/tr\/wp-json\/wp\/v2\/comments?post=4026"}],"wp:featuredmedia":[{"embeddable":true,"href":"https:\/\/afw.com.tr\/tr\/wp-json\/wp\/v2\/media\/4027"}],"wp:attachment":[{"href":"https:\/\/afw.com.tr\/tr\/wp-json\/wp\/v2\/media?parent=4026"}],"wp:term":[{"taxonomy":"product_cat","embeddable":true,"href":"https:\/\/afw.com.tr\/tr\/wp-json\/wp\/v2\/product_cat?post=4026"},{"taxonomy":"product_tag","embeddable":true,"href":"https:\/\/afw.com.tr\/tr\/wp-json\/wp\/v2\/product_tag?post=4026"}],"curies":[{"name":"wp","href":"https:\/\/api.w.org\/{rel}","templated":true}]}}