{"id":4024,"date":"2024-02-25T09:11:55","date_gmt":"2024-02-25T09:11:55","guid":{"rendered":"https:\/\/afw.com.tr\/?post_type=product&#038;p=4024"},"modified":"2024-02-25T09:11:55","modified_gmt":"2024-02-25T09:11:55","slug":"uzayli-gozluk","status":"publish","type":"product","link":"https:\/\/afw.com.tr\/tr\/urun\/uzayli-gozluk\/","title":{"rendered":"Uzayl\u0131 G\u00f6zl\u00fck"},"content":{"rendered":"<p>Uzayl\u0131 G\u00f6zl\u00fck<\/p>","protected":false},"excerpt":{"rendered":"<p>Uzayl\u0131 G\u00f6zl\u00fck<\/p>","protected":false},"featured_media":4025,"comment_status":"open","ping_status":"closed","template":"","meta":[],"product_cat":[78],"product_tag":[95,97],"_links":{"self":[{"href":"https:\/\/afw.com.tr\/tr\/wp-json\/wp\/v2\/product\/4024"}],"collection":[{"href":"https:\/\/afw.com.tr\/tr\/wp-json\/wp\/v2\/product"}],"about":[{"href":"https:\/\/afw.com.tr\/tr\/wp-json\/wp\/v2\/types\/product"}],"replies":[{"embeddable":true,"href":"https:\/\/afw.com.tr\/tr\/wp-json\/wp\/v2\/comments?post=4024"}],"wp:featuredmedia":[{"embeddable":true,"href":"https:\/\/afw.com.tr\/tr\/wp-json\/wp\/v2\/media\/4025"}],"wp:attachment":[{"href":"https:\/\/afw.com.tr\/tr\/wp-json\/wp\/v2\/media?parent=4024"}],"wp:term":[{"taxonomy":"product_cat","embeddable":true,"href":"https:\/\/afw.com.tr\/tr\/wp-json\/wp\/v2\/product_cat?post=4024"},{"taxonomy":"product_tag","embeddable":true,"href":"https:\/\/afw.com.tr\/tr\/wp-json\/wp\/v2\/product_tag?post=4024"}],"curies":[{"name":"wp","href":"https:\/\/api.w.org\/{rel}","templated":true}]}}