{"id":4022,"date":"2024-02-25T08:14:18","date_gmt":"2024-02-25T08:14:18","guid":{"rendered":"https:\/\/afw.com.tr\/?post_type=product&#038;p=4022"},"modified":"2025-06-07T11:27:17","modified_gmt":"2025-06-07T11:27:17","slug":"parti-gozluk-mavi-beyaz","status":"publish","type":"product","link":"https:\/\/afw.com.tr\/tr\/urun\/parti-gozluk-mavi-beyaz\/","title":{"rendered":"Parti G\u00f6zl\u00fck Mavi-Beyaz"},"content":{"rendered":"<p>Parti G\u00f6zl\u00fck Mavi-Beyaz<\/p>","protected":false},"excerpt":{"rendered":"<p>Parti G\u00f6zl\u00fck Mavi-Beyaz<\/p>","protected":false},"featured_media":4023,"comment_status":"open","ping_status":"closed","template":"","meta":[],"product_cat":[78],"product_tag":[95,88],"_links":{"self":[{"href":"https:\/\/afw.com.tr\/tr\/wp-json\/wp\/v2\/product\/4022"}],"collection":[{"href":"https:\/\/afw.com.tr\/tr\/wp-json\/wp\/v2\/product"}],"about":[{"href":"https:\/\/afw.com.tr\/tr\/wp-json\/wp\/v2\/types\/product"}],"replies":[{"embeddable":true,"href":"https:\/\/afw.com.tr\/tr\/wp-json\/wp\/v2\/comments?post=4022"}],"wp:featuredmedia":[{"embeddable":true,"href":"https:\/\/afw.com.tr\/tr\/wp-json\/wp\/v2\/media\/4023"}],"wp:attachment":[{"href":"https:\/\/afw.com.tr\/tr\/wp-json\/wp\/v2\/media?parent=4022"}],"wp:term":[{"taxonomy":"product_cat","embeddable":true,"href":"https:\/\/afw.com.tr\/tr\/wp-json\/wp\/v2\/product_cat?post=4022"},{"taxonomy":"product_tag","embeddable":true,"href":"https:\/\/afw.com.tr\/tr\/wp-json\/wp\/v2\/product_tag?post=4022"}],"curies":[{"name":"wp","href":"https:\/\/api.w.org\/{rel}","templated":true}]}}