{"id":4020,"date":"2024-02-25T08:13:14","date_gmt":"2024-02-25T08:13:14","guid":{"rendered":"https:\/\/afw.com.tr\/?post_type=product&#038;p=4020"},"modified":"2024-02-25T08:13:14","modified_gmt":"2024-02-25T08:13:14","slug":"kalin-cerceve-gozluk","status":"publish","type":"product","link":"https:\/\/afw.com.tr\/tr\/urun\/kalin-cerceve-gozluk\/","title":{"rendered":"Kal\u0131n \u00c7er\u00e7eve G\u00f6zl\u00fck"},"content":{"rendered":"<p>Kal\u0131n \u00c7er\u00e7eve G\u00f6zl\u00fck<\/p>","protected":false},"excerpt":{"rendered":"<p>Kal\u0131n \u00c7er\u00e7eve G\u00f6zl\u00fck<\/p>","protected":false},"featured_media":4021,"comment_status":"open","ping_status":"closed","template":"","meta":[],"product_cat":[78],"product_tag":[95,96],"_links":{"self":[{"href":"https:\/\/afw.com.tr\/tr\/wp-json\/wp\/v2\/product\/4020"}],"collection":[{"href":"https:\/\/afw.com.tr\/tr\/wp-json\/wp\/v2\/product"}],"about":[{"href":"https:\/\/afw.com.tr\/tr\/wp-json\/wp\/v2\/types\/product"}],"replies":[{"embeddable":true,"href":"https:\/\/afw.com.tr\/tr\/wp-json\/wp\/v2\/comments?post=4020"}],"wp:featuredmedia":[{"embeddable":true,"href":"https:\/\/afw.com.tr\/tr\/wp-json\/wp\/v2\/media\/4021"}],"wp:attachment":[{"href":"https:\/\/afw.com.tr\/tr\/wp-json\/wp\/v2\/media?parent=4020"}],"wp:term":[{"taxonomy":"product_cat","embeddable":true,"href":"https:\/\/afw.com.tr\/tr\/wp-json\/wp\/v2\/product_cat?post=4020"},{"taxonomy":"product_tag","embeddable":true,"href":"https:\/\/afw.com.tr\/tr\/wp-json\/wp\/v2\/product_tag?post=4020"}],"curies":[{"name":"wp","href":"https:\/\/api.w.org\/{rel}","templated":true}]}}