{"id":4018,"date":"2024-02-25T08:12:04","date_gmt":"2024-02-25T08:12:04","guid":{"rendered":"https:\/\/afw.com.tr\/?post_type=product&#038;p=4018"},"modified":"2025-06-01T06:15:49","modified_gmt":"2025-06-01T06:15:49","slug":"yarasa-gozluk","status":"publish","type":"product","link":"https:\/\/afw.com.tr\/tr\/urun\/yarasa-gozluk\/","title":{"rendered":"Yarasa G\u00f6zl\u00fck"},"content":{"rendered":"<p>Yarasa G\u00f6zl\u00fck<\/p>","protected":false},"excerpt":{"rendered":"<p>Yarasa G\u00f6zl\u00fck<\/p>","protected":false},"featured_media":4019,"comment_status":"open","ping_status":"closed","template":"","meta":[],"product_cat":[78],"product_tag":[95,93,94],"_links":{"self":[{"href":"https:\/\/afw.com.tr\/tr\/wp-json\/wp\/v2\/product\/4018"}],"collection":[{"href":"https:\/\/afw.com.tr\/tr\/wp-json\/wp\/v2\/product"}],"about":[{"href":"https:\/\/afw.com.tr\/tr\/wp-json\/wp\/v2\/types\/product"}],"replies":[{"embeddable":true,"href":"https:\/\/afw.com.tr\/tr\/wp-json\/wp\/v2\/comments?post=4018"}],"wp:featuredmedia":[{"embeddable":true,"href":"https:\/\/afw.com.tr\/tr\/wp-json\/wp\/v2\/media\/4019"}],"wp:attachment":[{"href":"https:\/\/afw.com.tr\/tr\/wp-json\/wp\/v2\/media?parent=4018"}],"wp:term":[{"taxonomy":"product_cat","embeddable":true,"href":"https:\/\/afw.com.tr\/tr\/wp-json\/wp\/v2\/product_cat?post=4018"},{"taxonomy":"product_tag","embeddable":true,"href":"https:\/\/afw.com.tr\/tr\/wp-json\/wp\/v2\/product_tag?post=4018"}],"curies":[{"name":"wp","href":"https:\/\/api.w.org\/{rel}","templated":true}]}}