{"id":4016,"date":"2024-02-25T08:10:59","date_gmt":"2024-02-25T08:10:59","guid":{"rendered":"https:\/\/afw.com.tr\/?post_type=product&#038;p=4016"},"modified":"2025-05-30T12:11:31","modified_gmt":"2025-05-30T12:11:31","slug":"tekila-gozluk","status":"publish","type":"product","link":"https:\/\/afw.com.tr\/tr\/urun\/tekila-gozluk\/","title":{"rendered":"Tekila G\u00f6zl\u00fck"},"content":{"rendered":"<p>Tekila G\u00f6zl\u00fck<\/p>","protected":false},"excerpt":{"rendered":"<p>Tekila G\u00f6zl\u00fck<\/p>","protected":false},"featured_media":4017,"comment_status":"open","ping_status":"closed","template":"","meta":[],"product_cat":[78],"product_tag":[88,92],"_links":{"self":[{"href":"https:\/\/afw.com.tr\/tr\/wp-json\/wp\/v2\/product\/4016"}],"collection":[{"href":"https:\/\/afw.com.tr\/tr\/wp-json\/wp\/v2\/product"}],"about":[{"href":"https:\/\/afw.com.tr\/tr\/wp-json\/wp\/v2\/types\/product"}],"replies":[{"embeddable":true,"href":"https:\/\/afw.com.tr\/tr\/wp-json\/wp\/v2\/comments?post=4016"}],"wp:featuredmedia":[{"embeddable":true,"href":"https:\/\/afw.com.tr\/tr\/wp-json\/wp\/v2\/media\/4017"}],"wp:attachment":[{"href":"https:\/\/afw.com.tr\/tr\/wp-json\/wp\/v2\/media?parent=4016"}],"wp:term":[{"taxonomy":"product_cat","embeddable":true,"href":"https:\/\/afw.com.tr\/tr\/wp-json\/wp\/v2\/product_cat?post=4016"},{"taxonomy":"product_tag","embeddable":true,"href":"https:\/\/afw.com.tr\/tr\/wp-json\/wp\/v2\/product_tag?post=4016"}],"curies":[{"name":"wp","href":"https:\/\/api.w.org\/{rel}","templated":true}]}}