{"id":4005,"date":"2024-02-25T08:03:23","date_gmt":"2024-02-25T08:03:23","guid":{"rendered":"https:\/\/afw.com.tr\/?post_type=product&#038;p=4005"},"modified":"2024-02-25T08:03:23","modified_gmt":"2024-02-25T08:03:23","slug":"kedi-gozu-maske","status":"publish","type":"product","link":"https:\/\/afw.com.tr\/tr\/urun\/kedi-gozu-maske\/","title":{"rendered":"Kedi G\u00f6z\u00fc Maske"},"content":{"rendered":"<p>Kedi G\u00f6z\u00fc Maske<\/p>","protected":false},"excerpt":{"rendered":"<p>Kedi G\u00f6z\u00fc Maske<\/p>","protected":false},"featured_media":4006,"comment_status":"open","ping_status":"closed","template":"","meta":[],"product_cat":[78],"product_tag":[87,80],"_links":{"self":[{"href":"https:\/\/afw.com.tr\/tr\/wp-json\/wp\/v2\/product\/4005"}],"collection":[{"href":"https:\/\/afw.com.tr\/tr\/wp-json\/wp\/v2\/product"}],"about":[{"href":"https:\/\/afw.com.tr\/tr\/wp-json\/wp\/v2\/types\/product"}],"replies":[{"embeddable":true,"href":"https:\/\/afw.com.tr\/tr\/wp-json\/wp\/v2\/comments?post=4005"}],"wp:featuredmedia":[{"embeddable":true,"href":"https:\/\/afw.com.tr\/tr\/wp-json\/wp\/v2\/media\/4006"}],"wp:attachment":[{"href":"https:\/\/afw.com.tr\/tr\/wp-json\/wp\/v2\/media?parent=4005"}],"wp:term":[{"taxonomy":"product_cat","embeddable":true,"href":"https:\/\/afw.com.tr\/tr\/wp-json\/wp\/v2\/product_cat?post=4005"},{"taxonomy":"product_tag","embeddable":true,"href":"https:\/\/afw.com.tr\/tr\/wp-json\/wp\/v2\/product_tag?post=4005"}],"curies":[{"name":"wp","href":"https:\/\/api.w.org\/{rel}","templated":true}]}}