{"id":4003,"date":"2024-02-25T08:01:55","date_gmt":"2024-02-25T08:01:55","guid":{"rendered":"https:\/\/afw.com.tr\/?post_type=product&#038;p=4003"},"modified":"2024-02-25T08:01:55","modified_gmt":"2024-02-25T08:01:55","slug":"dantel-kenarli-kedi-gozu-maske","status":"publish","type":"product","link":"https:\/\/afw.com.tr\/tr\/urun\/dantel-kenarli-kedi-gozu-maske\/","title":{"rendered":"Dantel Kenarl\u0131 Kedi G\u00f6z\u00fc Maske"},"content":{"rendered":"<p>Dantel Kenarl\u0131 Kedi G\u00f6z\u00fc Maske<\/p>","protected":false},"excerpt":{"rendered":"<p>Dantel Kenarl\u0131 Kedi G\u00f6z\u00fc Maske<\/p>","protected":false},"featured_media":4004,"comment_status":"open","ping_status":"closed","template":"","meta":[],"product_cat":[78],"product_tag":[87,80,82],"_links":{"self":[{"href":"https:\/\/afw.com.tr\/tr\/wp-json\/wp\/v2\/product\/4003"}],"collection":[{"href":"https:\/\/afw.com.tr\/tr\/wp-json\/wp\/v2\/product"}],"about":[{"href":"https:\/\/afw.com.tr\/tr\/wp-json\/wp\/v2\/types\/product"}],"replies":[{"embeddable":true,"href":"https:\/\/afw.com.tr\/tr\/wp-json\/wp\/v2\/comments?post=4003"}],"wp:featuredmedia":[{"embeddable":true,"href":"https:\/\/afw.com.tr\/tr\/wp-json\/wp\/v2\/media\/4004"}],"wp:attachment":[{"href":"https:\/\/afw.com.tr\/tr\/wp-json\/wp\/v2\/media?parent=4003"}],"wp:term":[{"taxonomy":"product_cat","embeddable":true,"href":"https:\/\/afw.com.tr\/tr\/wp-json\/wp\/v2\/product_cat?post=4003"},{"taxonomy":"product_tag","embeddable":true,"href":"https:\/\/afw.com.tr\/tr\/wp-json\/wp\/v2\/product_tag?post=4003"}],"curies":[{"name":"wp","href":"https:\/\/api.w.org\/{rel}","templated":true}]}}