{"id":4001,"date":"2024-02-25T07:46:19","date_gmt":"2024-02-25T07:46:19","guid":{"rendered":"https:\/\/afw.com.tr\/?post_type=product&#038;p=4001"},"modified":"2025-06-06T07:11:22","modified_gmt":"2025-06-06T07:11:22","slug":"dantel-kenarli-goz-maskesi","status":"publish","type":"product","link":"https:\/\/afw.com.tr\/tr\/urun\/dantel-kenarli-goz-maskesi\/","title":{"rendered":"Dantel Kenarl\u0131 G\u00f6z Maskesi"},"content":{"rendered":"<p>Dantel Kenarl\u0131 G\u00f6z Maskesi<\/p>","protected":false},"excerpt":{"rendered":"<p>Dantel Kenarl\u0131 G\u00f6z Maskesi<\/p>","protected":false},"featured_media":4002,"comment_status":"open","ping_status":"closed","template":"","meta":[],"product_cat":[78],"product_tag":[85,86,80,82],"_links":{"self":[{"href":"https:\/\/afw.com.tr\/tr\/wp-json\/wp\/v2\/product\/4001"}],"collection":[{"href":"https:\/\/afw.com.tr\/tr\/wp-json\/wp\/v2\/product"}],"about":[{"href":"https:\/\/afw.com.tr\/tr\/wp-json\/wp\/v2\/types\/product"}],"replies":[{"embeddable":true,"href":"https:\/\/afw.com.tr\/tr\/wp-json\/wp\/v2\/comments?post=4001"}],"wp:featuredmedia":[{"embeddable":true,"href":"https:\/\/afw.com.tr\/tr\/wp-json\/wp\/v2\/media\/4002"}],"wp:attachment":[{"href":"https:\/\/afw.com.tr\/tr\/wp-json\/wp\/v2\/media?parent=4001"}],"wp:term":[{"taxonomy":"product_cat","embeddable":true,"href":"https:\/\/afw.com.tr\/tr\/wp-json\/wp\/v2\/product_cat?post=4001"},{"taxonomy":"product_tag","embeddable":true,"href":"https:\/\/afw.com.tr\/tr\/wp-json\/wp\/v2\/product_tag?post=4001"}],"curies":[{"name":"wp","href":"https:\/\/api.w.org\/{rel}","templated":true}]}}