{"id":3949,"date":"2024-02-18T11:19:19","date_gmt":"2024-02-18T11:19:19","guid":{"rendered":"https:\/\/afw.com.tr\/?post_type=product&#038;p=3949"},"modified":"2024-02-18T11:19:20","modified_gmt":"2024-02-18T11:19:20","slug":"delta-elite-tenis-raket-ozel-lux-cantali","status":"publish","type":"product","link":"https:\/\/afw.com.tr\/tr\/urun\/delta-elite-tenis-raket-ozel-lux-cantali\/","title":{"rendered":"Delta Elite Tenis Raket \u00d6zel L\u00fcx \u00c7antal\u0131"},"content":{"rendered":"<p>Delta Elite Tenis Raket \u00d6zel L\u00fcx \u00c7antal\u0131<\/p>","protected":false},"excerpt":{"rendered":"<p>Delta Elite Tenis Raket \u00d6zel L\u00fcx \u00c7antal\u0131<\/p>","protected":false},"featured_media":3950,"comment_status":"open","ping_status":"closed","template":"","meta":[],"product_cat":[43],"product_tag":[67,73],"_links":{"self":[{"href":"https:\/\/afw.com.tr\/tr\/wp-json\/wp\/v2\/product\/3949"}],"collection":[{"href":"https:\/\/afw.com.tr\/tr\/wp-json\/wp\/v2\/product"}],"about":[{"href":"https:\/\/afw.com.tr\/tr\/wp-json\/wp\/v2\/types\/product"}],"replies":[{"embeddable":true,"href":"https:\/\/afw.com.tr\/tr\/wp-json\/wp\/v2\/comments?post=3949"}],"wp:featuredmedia":[{"embeddable":true,"href":"https:\/\/afw.com.tr\/tr\/wp-json\/wp\/v2\/media\/3950"}],"wp:attachment":[{"href":"https:\/\/afw.com.tr\/tr\/wp-json\/wp\/v2\/media?parent=3949"}],"wp:term":[{"taxonomy":"product_cat","embeddable":true,"href":"https:\/\/afw.com.tr\/tr\/wp-json\/wp\/v2\/product_cat?post=3949"},{"taxonomy":"product_tag","embeddable":true,"href":"https:\/\/afw.com.tr\/tr\/wp-json\/wp\/v2\/product_tag?post=3949"}],"curies":[{"name":"wp","href":"https:\/\/api.w.org\/{rel}","templated":true}]}}