{"id":3935,"date":"2024-02-17T21:29:54","date_gmt":"2024-02-17T21:29:54","guid":{"rendered":"https:\/\/afw.com.tr\/?post_type=product&#038;p=3935"},"modified":"2025-06-04T00:21:05","modified_gmt":"2025-06-04T00:21:05","slug":"delta-ds-954-masa-tenisi-raket-5-yildiz","status":"publish","type":"product","link":"https:\/\/afw.com.tr\/tr\/urun\/delta-ds-954-masa-tenisi-raket-5-yildiz\/","title":{"rendered":"Delta Ds 954 Masa Tenisi Raket 5 Y\u0131ld\u0131z"},"content":{"rendered":"<p>Delta Ds 954 Masa Tenisi Raket 5 Y\u0131ld\u0131z<\/p>","protected":false},"excerpt":{"rendered":"<p>Delta Ds 954 Masa Tenisi Raket 5 Y\u0131ld\u0131z<\/p>","protected":false},"featured_media":3936,"comment_status":"open","ping_status":"closed","template":"","meta":[],"product_cat":[43],"product_tag":[67,64,51,54],"_links":{"self":[{"href":"https:\/\/afw.com.tr\/tr\/wp-json\/wp\/v2\/product\/3935"}],"collection":[{"href":"https:\/\/afw.com.tr\/tr\/wp-json\/wp\/v2\/product"}],"about":[{"href":"https:\/\/afw.com.tr\/tr\/wp-json\/wp\/v2\/types\/product"}],"replies":[{"embeddable":true,"href":"https:\/\/afw.com.tr\/tr\/wp-json\/wp\/v2\/comments?post=3935"}],"wp:featuredmedia":[{"embeddable":true,"href":"https:\/\/afw.com.tr\/tr\/wp-json\/wp\/v2\/media\/3936"}],"wp:attachment":[{"href":"https:\/\/afw.com.tr\/tr\/wp-json\/wp\/v2\/media?parent=3935"}],"wp:term":[{"taxonomy":"product_cat","embeddable":true,"href":"https:\/\/afw.com.tr\/tr\/wp-json\/wp\/v2\/product_cat?post=3935"},{"taxonomy":"product_tag","embeddable":true,"href":"https:\/\/afw.com.tr\/tr\/wp-json\/wp\/v2\/product_tag?post=3935"}],"curies":[{"name":"wp","href":"https:\/\/api.w.org\/{rel}","templated":true}]}}