{"id":3933,"date":"2024-02-17T21:28:46","date_gmt":"2024-02-17T21:28:46","guid":{"rendered":"https:\/\/afw.com.tr\/?post_type=product&#038;p=3933"},"modified":"2025-05-31T18:09:56","modified_gmt":"2025-05-31T18:09:56","slug":"busso-bs4802-hudson-masa-tenisi-raketi-4-yildiz","status":"publish","type":"product","link":"https:\/\/afw.com.tr\/tr\/urun\/busso-bs4802-hudson-masa-tenisi-raketi-4-yildiz\/","title":{"rendered":"Busso Bs4802 Hudson Masa Tenisi Raketi 4 Y\u0131ld\u0131z"},"content":{"rendered":"<p>Busso Bs4802 Hudson Masa Tenisi Raketi 4 Y\u0131ld\u0131z<\/p>","protected":false},"excerpt":{"rendered":"<p>Busso Bs4802 Hudson Masa Tenisi Raketi 4 Y\u0131ld\u0131z<\/p>","protected":false},"featured_media":3934,"comment_status":"open","ping_status":"closed","template":"","meta":[],"product_cat":[43],"product_tag":[56,64,54],"_links":{"self":[{"href":"https:\/\/afw.com.tr\/tr\/wp-json\/wp\/v2\/product\/3933"}],"collection":[{"href":"https:\/\/afw.com.tr\/tr\/wp-json\/wp\/v2\/product"}],"about":[{"href":"https:\/\/afw.com.tr\/tr\/wp-json\/wp\/v2\/types\/product"}],"replies":[{"embeddable":true,"href":"https:\/\/afw.com.tr\/tr\/wp-json\/wp\/v2\/comments?post=3933"}],"wp:featuredmedia":[{"embeddable":true,"href":"https:\/\/afw.com.tr\/tr\/wp-json\/wp\/v2\/media\/3934"}],"wp:attachment":[{"href":"https:\/\/afw.com.tr\/tr\/wp-json\/wp\/v2\/media?parent=3933"}],"wp:term":[{"taxonomy":"product_cat","embeddable":true,"href":"https:\/\/afw.com.tr\/tr\/wp-json\/wp\/v2\/product_cat?post=3933"},{"taxonomy":"product_tag","embeddable":true,"href":"https:\/\/afw.com.tr\/tr\/wp-json\/wp\/v2\/product_tag?post=3933"}],"curies":[{"name":"wp","href":"https:\/\/api.w.org\/{rel}","templated":true}]}}