{"id":3931,"date":"2024-02-17T21:27:39","date_gmt":"2024-02-17T21:27:39","guid":{"rendered":"https:\/\/afw.com.tr\/?post_type=product&#038;p=3931"},"modified":"2024-02-17T21:27:39","modified_gmt":"2024-02-17T21:27:39","slug":"busso-bs-2802-hudson-masa-tenisi-raketi-2-yildiz","status":"publish","type":"product","link":"https:\/\/afw.com.tr\/tr\/urun\/busso-bs-2802-hudson-masa-tenisi-raketi-2-yildiz\/","title":{"rendered":"Busso Bs-2802 Hudson Masa Tenisi Raketi 2 Y\u0131ld\u0131z"},"content":{"rendered":"<p>Busso Bs-2802 Hudson Masa Tenisi Raketi 2 Y\u0131ld\u0131z<\/p>","protected":false},"excerpt":{"rendered":"<p>Busso Bs-2802 Hudson Masa Tenisi Raketi 2 Y\u0131ld\u0131z<\/p>","protected":false},"featured_media":3932,"comment_status":"open","ping_status":"closed","template":"","meta":[],"product_cat":[43],"product_tag":[56,64,54],"_links":{"self":[{"href":"https:\/\/afw.com.tr\/tr\/wp-json\/wp\/v2\/product\/3931"}],"collection":[{"href":"https:\/\/afw.com.tr\/tr\/wp-json\/wp\/v2\/product"}],"about":[{"href":"https:\/\/afw.com.tr\/tr\/wp-json\/wp\/v2\/types\/product"}],"replies":[{"embeddable":true,"href":"https:\/\/afw.com.tr\/tr\/wp-json\/wp\/v2\/comments?post=3931"}],"wp:featuredmedia":[{"embeddable":true,"href":"https:\/\/afw.com.tr\/tr\/wp-json\/wp\/v2\/media\/3932"}],"wp:attachment":[{"href":"https:\/\/afw.com.tr\/tr\/wp-json\/wp\/v2\/media?parent=3931"}],"wp:term":[{"taxonomy":"product_cat","embeddable":true,"href":"https:\/\/afw.com.tr\/tr\/wp-json\/wp\/v2\/product_cat?post=3931"},{"taxonomy":"product_tag","embeddable":true,"href":"https:\/\/afw.com.tr\/tr\/wp-json\/wp\/v2\/product_tag?post=3931"}],"curies":[{"name":"wp","href":"https:\/\/api.w.org\/{rel}","templated":true}]}}