{"id":3929,"date":"2024-02-17T21:24:59","date_gmt":"2024-02-17T21:24:59","guid":{"rendered":"https:\/\/afw.com.tr\/?post_type=product&#038;p=3929"},"modified":"2024-02-17T21:25:27","modified_gmt":"2024-02-17T21:25:27","slug":"avessa-rak-400-masa-tenisi-raketi-4-yildiz","status":"publish","type":"product","link":"https:\/\/afw.com.tr\/tr\/urun\/avessa-rak-400-masa-tenisi-raketi-4-yildiz\/","title":{"rendered":"Avessa Rak 400 Masa Tenisi Raketi 4 Y\u0131ld\u0131z"},"content":{"rendered":"<p>Avessa Rak 400 Masa Tenisi Raketi 4 Y\u0131ld\u0131z<\/p>","protected":false},"excerpt":{"rendered":"<p>Avessa Rak 400 Masa Tenisi Raketi 4 Y\u0131ld\u0131z<\/p>","protected":false},"featured_media":3930,"comment_status":"open","ping_status":"closed","template":"","meta":[],"product_cat":[43],"product_tag":[53,64,54],"_links":{"self":[{"href":"https:\/\/afw.com.tr\/tr\/wp-json\/wp\/v2\/product\/3929"}],"collection":[{"href":"https:\/\/afw.com.tr\/tr\/wp-json\/wp\/v2\/product"}],"about":[{"href":"https:\/\/afw.com.tr\/tr\/wp-json\/wp\/v2\/types\/product"}],"replies":[{"embeddable":true,"href":"https:\/\/afw.com.tr\/tr\/wp-json\/wp\/v2\/comments?post=3929"}],"wp:featuredmedia":[{"embeddable":true,"href":"https:\/\/afw.com.tr\/tr\/wp-json\/wp\/v2\/media\/3930"}],"wp:attachment":[{"href":"https:\/\/afw.com.tr\/tr\/wp-json\/wp\/v2\/media?parent=3929"}],"wp:term":[{"taxonomy":"product_cat","embeddable":true,"href":"https:\/\/afw.com.tr\/tr\/wp-json\/wp\/v2\/product_cat?post=3929"},{"taxonomy":"product_tag","embeddable":true,"href":"https:\/\/afw.com.tr\/tr\/wp-json\/wp\/v2\/product_tag?post=3929"}],"curies":[{"name":"wp","href":"https:\/\/api.w.org\/{rel}","templated":true}]}}