{"id":3925,"date":"2024-02-17T21:20:22","date_gmt":"2024-02-17T21:20:22","guid":{"rendered":"https:\/\/afw.com.tr\/?post_type=product&#038;p=3925"},"modified":"2024-02-17T21:20:22","modified_gmt":"2024-02-17T21:20:22","slug":"avessa-rak-200-masa-tenisi-raket-2-yildiz","status":"publish","type":"product","link":"https:\/\/afw.com.tr\/tr\/urun\/avessa-rak-200-masa-tenisi-raket-2-yildiz\/","title":{"rendered":"Avessa Rak 200 Masa Tenisi Raket 2 Y\u0131ld\u0131z"},"content":{"rendered":"<p>Avessa Rak 200 Masa Tenisi Raket 2 Y\u0131ld\u0131z<\/p>","protected":false},"excerpt":{"rendered":"<p>Avessa Rak 200 Masa Tenisi Raket 2 Y\u0131ld\u0131z<\/p>","protected":false},"featured_media":3926,"comment_status":"open","ping_status":"closed","template":"","meta":[],"product_cat":[43],"product_tag":[53,64,54],"_links":{"self":[{"href":"https:\/\/afw.com.tr\/tr\/wp-json\/wp\/v2\/product\/3925"}],"collection":[{"href":"https:\/\/afw.com.tr\/tr\/wp-json\/wp\/v2\/product"}],"about":[{"href":"https:\/\/afw.com.tr\/tr\/wp-json\/wp\/v2\/types\/product"}],"replies":[{"embeddable":true,"href":"https:\/\/afw.com.tr\/tr\/wp-json\/wp\/v2\/comments?post=3925"}],"wp:featuredmedia":[{"embeddable":true,"href":"https:\/\/afw.com.tr\/tr\/wp-json\/wp\/v2\/media\/3926"}],"wp:attachment":[{"href":"https:\/\/afw.com.tr\/tr\/wp-json\/wp\/v2\/media?parent=3925"}],"wp:term":[{"taxonomy":"product_cat","embeddable":true,"href":"https:\/\/afw.com.tr\/tr\/wp-json\/wp\/v2\/product_cat?post=3925"},{"taxonomy":"product_tag","embeddable":true,"href":"https:\/\/afw.com.tr\/tr\/wp-json\/wp\/v2\/product_tag?post=3925"}],"curies":[{"name":"wp","href":"https:\/\/api.w.org\/{rel}","templated":true}]}}