{"id":3879,"date":"2024-02-13T19:57:07","date_gmt":"2024-02-13T19:57:07","guid":{"rendered":"https:\/\/afw.com.tr\/?post_type=product&#038;p=3879"},"modified":"2024-02-13T19:57:08","modified_gmt":"2024-02-13T19:57:08","slug":"avessa-sisme-dart-seti-dr485234","status":"publish","type":"product","link":"https:\/\/afw.com.tr\/tr\/urun\/avessa-sisme-dart-seti-dr485234\/","title":{"rendered":"Avessa \u015ei\u015fme Dart Seti Dr485234"},"content":{"rendered":"<p>Avessa \u015ei\u015fme Dart Seti Dr485234<\/p>","protected":false},"excerpt":{"rendered":"<p>Avessa \u015ei\u015fme Dart Seti Dr485234<\/p>","protected":false},"featured_media":3880,"comment_status":"open","ping_status":"closed","template":"","meta":[],"product_cat":[15],"product_tag":[],"_links":{"self":[{"href":"https:\/\/afw.com.tr\/tr\/wp-json\/wp\/v2\/product\/3879"}],"collection":[{"href":"https:\/\/afw.com.tr\/tr\/wp-json\/wp\/v2\/product"}],"about":[{"href":"https:\/\/afw.com.tr\/tr\/wp-json\/wp\/v2\/types\/product"}],"replies":[{"embeddable":true,"href":"https:\/\/afw.com.tr\/tr\/wp-json\/wp\/v2\/comments?post=3879"}],"wp:featuredmedia":[{"embeddable":true,"href":"https:\/\/afw.com.tr\/tr\/wp-json\/wp\/v2\/media\/3880"}],"wp:attachment":[{"href":"https:\/\/afw.com.tr\/tr\/wp-json\/wp\/v2\/media?parent=3879"}],"wp:term":[{"taxonomy":"product_cat","embeddable":true,"href":"https:\/\/afw.com.tr\/tr\/wp-json\/wp\/v2\/product_cat?post=3879"},{"taxonomy":"product_tag","embeddable":true,"href":"https:\/\/afw.com.tr\/tr\/wp-json\/wp\/v2\/product_tag?post=3879"}],"curies":[{"name":"wp","href":"https:\/\/api.w.org\/{rel}","templated":true}]}}