{"id":3877,"date":"2024-02-13T19:13:36","date_gmt":"2024-02-13T19:13:36","guid":{"rendered":"https:\/\/afw.com.tr\/?post_type=product&#038;p=3877"},"modified":"2024-02-13T19:13:36","modified_gmt":"2024-02-13T19:13:36","slug":"molten-futbol-topu-f5a1000","status":"publish","type":"product","link":"https:\/\/afw.com.tr\/tr\/urun\/molten-futbol-topu-f5a1000\/","title":{"rendered":"Molten Futbol Topu F5a1000"},"content":{"rendered":"<p>MOLTEN F5A1000 FUTBOL TOPU Boyut: 5 Numara A\u011f\u0131rl\u0131k: 410-450 gram Diki\u015f: Makine Diki\u015fli Federasyon Onay\u0131: Yok A\u015f\u0131nmalara kar\u015f\u0131 dayan\u0131kl\u0131 y\u00fczey Kullan\u0131m alan\u0131: \u00c7im Saha ve Yumu\u015fak Zeminde Kullan\u0131ma Uygundur -Suni \u00c7imde Kullan\u0131ld\u0131\u011f\u0131nda Dayan\u0131kl\u0131l\u0131\u011f\u0131 Azalabilir<\/p>","protected":false},"excerpt":{"rendered":"<div>\n<h1 class=\"pr-new-br\" data-drroot=\"h1\"><span style=\"color: #535353; font-size: 14px;\">Molten Futbol Topu F5a1000<\/span><\/h1>\n<\/div>","protected":false},"featured_media":3870,"comment_status":"open","ping_status":"closed","template":"","meta":[],"product_cat":[15],"product_tag":[],"_links":{"self":[{"href":"https:\/\/afw.com.tr\/tr\/wp-json\/wp\/v2\/product\/3877"}],"collection":[{"href":"https:\/\/afw.com.tr\/tr\/wp-json\/wp\/v2\/product"}],"about":[{"href":"https:\/\/afw.com.tr\/tr\/wp-json\/wp\/v2\/types\/product"}],"replies":[{"embeddable":true,"href":"https:\/\/afw.com.tr\/tr\/wp-json\/wp\/v2\/comments?post=3877"}],"wp:featuredmedia":[{"embeddable":true,"href":"https:\/\/afw.com.tr\/tr\/wp-json\/wp\/v2\/media\/3870"}],"wp:attachment":[{"href":"https:\/\/afw.com.tr\/tr\/wp-json\/wp\/v2\/media?parent=3877"}],"wp:term":[{"taxonomy":"product_cat","embeddable":true,"href":"https:\/\/afw.com.tr\/tr\/wp-json\/wp\/v2\/product_cat?post=3877"},{"taxonomy":"product_tag","embeddable":true,"href":"https:\/\/afw.com.tr\/tr\/wp-json\/wp\/v2\/product_tag?post=3877"}],"curies":[{"name":"wp","href":"https:\/\/api.w.org\/{rel}","templated":true}]}}