{"id":3875,"date":"2024-02-13T19:08:04","date_gmt":"2024-02-13T19:08:04","guid":{"rendered":"https:\/\/afw.com.tr\/?post_type=product&#038;p=3875"},"modified":"2025-06-06T22:06:58","modified_gmt":"2025-06-06T22:06:58","slug":"mikasa-vs123w-antrenman-voleybol-topu","status":"publish","type":"product","link":"https:\/\/afw.com.tr\/tr\/urun\/mikasa-vs123w-antrenman-voleybol-topu\/","title":{"rendered":"MIKASA Vs123w Antrenman Voleybol Topu"},"content":{"rendered":"<p>Vs123w 260-280gr Yap\u0131\u015ft\u0131rma Antrenman Voleybol Topu Yeni Sezon<\/p>","protected":false},"excerpt":{"rendered":"<p>MIKASA Vs123w Antrenman Voleybol Topu<\/p>","protected":false},"featured_media":3872,"comment_status":"open","ping_status":"closed","template":"","meta":[],"product_cat":[15],"product_tag":[],"_links":{"self":[{"href":"https:\/\/afw.com.tr\/tr\/wp-json\/wp\/v2\/product\/3875"}],"collection":[{"href":"https:\/\/afw.com.tr\/tr\/wp-json\/wp\/v2\/product"}],"about":[{"href":"https:\/\/afw.com.tr\/tr\/wp-json\/wp\/v2\/types\/product"}],"replies":[{"embeddable":true,"href":"https:\/\/afw.com.tr\/tr\/wp-json\/wp\/v2\/comments?post=3875"}],"wp:featuredmedia":[{"embeddable":true,"href":"https:\/\/afw.com.tr\/tr\/wp-json\/wp\/v2\/media\/3872"}],"wp:attachment":[{"href":"https:\/\/afw.com.tr\/tr\/wp-json\/wp\/v2\/media?parent=3875"}],"wp:term":[{"taxonomy":"product_cat","embeddable":true,"href":"https:\/\/afw.com.tr\/tr\/wp-json\/wp\/v2\/product_cat?post=3875"},{"taxonomy":"product_tag","embeddable":true,"href":"https:\/\/afw.com.tr\/tr\/wp-json\/wp\/v2\/product_tag?post=3875"}],"curies":[{"name":"wp","href":"https:\/\/api.w.org\/{rel}","templated":true}]}}