{"id":3866,"date":"2024-02-13T18:51:55","date_gmt":"2024-02-13T18:51:55","guid":{"rendered":"https:\/\/afw.com.tr\/?post_type=product&#038;p=3866"},"modified":"2025-05-31T18:23:42","modified_gmt":"2025-05-31T18:23:42","slug":"mikasa-voleybol-topu-v370w","status":"publish","type":"product","link":"https:\/\/afw.com.tr\/tr\/urun\/mikasa-voleybol-topu-v370w\/","title":{"rendered":"MIKASA Voleybol Topu V370w"},"content":{"rendered":"<p>Voleybol Topu Mikasa V370W<\/p>\n<p>Yap\u0131: Makine diki\u015fli<\/p>\n<p>Malzeme: Sentetik deri kaplama<\/p>\n<p>Boyut: 5<\/p>\n<p>\u00d6l\u00e7\u00fc: 65-67 cm<\/p>\n<p>A\u011f\u0131rl\u0131k: 260-280 gr<\/p>\n<p>Panel Say\u0131s\u0131: 18<\/p>","protected":false},"excerpt":{"rendered":"<p>Voleybol Topu Mikasa V370W<\/p>","protected":false},"featured_media":3867,"comment_status":"open","ping_status":"closed","template":"","meta":[],"product_cat":[15],"product_tag":[46,45],"_links":{"self":[{"href":"https:\/\/afw.com.tr\/tr\/wp-json\/wp\/v2\/product\/3866"}],"collection":[{"href":"https:\/\/afw.com.tr\/tr\/wp-json\/wp\/v2\/product"}],"about":[{"href":"https:\/\/afw.com.tr\/tr\/wp-json\/wp\/v2\/types\/product"}],"replies":[{"embeddable":true,"href":"https:\/\/afw.com.tr\/tr\/wp-json\/wp\/v2\/comments?post=3866"}],"wp:featuredmedia":[{"embeddable":true,"href":"https:\/\/afw.com.tr\/tr\/wp-json\/wp\/v2\/media\/3867"}],"wp:attachment":[{"href":"https:\/\/afw.com.tr\/tr\/wp-json\/wp\/v2\/media?parent=3866"}],"wp:term":[{"taxonomy":"product_cat","embeddable":true,"href":"https:\/\/afw.com.tr\/tr\/wp-json\/wp\/v2\/product_cat?post=3866"},{"taxonomy":"product_tag","embeddable":true,"href":"https:\/\/afw.com.tr\/tr\/wp-json\/wp\/v2\/product_tag?post=3866"}],"curies":[{"name":"wp","href":"https:\/\/api.w.org\/{rel}","templated":true}]}}