{"id":3757,"date":"2024-01-27T08:27:22","date_gmt":"2024-01-27T08:27:22","guid":{"rendered":"http:\/\/afw.com.tr\/?post_type=product&#038;p=3757"},"modified":"2025-06-05T09:44:01","modified_gmt":"2025-06-05T09:44:01","slug":"avessa_voleybol","status":"publish","type":"product","link":"https:\/\/afw.com.tr\/tr\/urun\/avessa_voleybol\/","title":{"rendered":"Avessa Voleybol Topu Fosforlu Ye\u015fil"},"content":{"rendered":"<div class=\"detail-name-container\">\n<h3 class=\"detail-name\"><span style=\"vertical-align: inherit;\"><span style=\"vertical-align: inherit;\"><span style=\"vertical-align: inherit;\"><span style=\"vertical-align: inherit;\">Avessa Voleybol Topu Fosforlu Ye\u015fil<\/span><\/span><\/span><\/span><\/h3>\n<\/div>\n<ul class=\"detail-desc-list\">\n<li><span style=\"vertical-align: inherit;\"><span style=\"vertical-align: inherit;\"><span style=\"vertical-align: inherit;\"><span style=\"vertical-align: inherit;\">T\u00fcrkiye&#8217;de \u00fcretilmi\u015ftir 1. Kalite suni deri 2 b\u00f6lme en:30 boy:20 Uzun ask\u0131larda mevcuttur<\/span><\/span><\/span><\/span><\/li>\n<\/ul>","protected":false},"excerpt":{"rendered":"<p><span style=\"vertical-align: inherit;\"><span style=\"vertical-align: inherit;\"><span style=\"vertical-align: inherit;\"><span style=\"vertical-align: inherit;\">T\u00fcrkiye&#8217;de \u00fcretilmi\u015ftir 1. Kalite suni deri 2 b\u00f6lme en:30 boy:20 Uzun ask\u0131larda mevcuttur<\/span><\/span><\/span><\/span><\/p>","protected":false},"featured_media":3865,"comment_status":"open","ping_status":"closed","template":"","meta":[],"product_cat":[43],"product_tag":[44,45],"_links":{"self":[{"href":"https:\/\/afw.com.tr\/tr\/wp-json\/wp\/v2\/product\/3757"}],"collection":[{"href":"https:\/\/afw.com.tr\/tr\/wp-json\/wp\/v2\/product"}],"about":[{"href":"https:\/\/afw.com.tr\/tr\/wp-json\/wp\/v2\/types\/product"}],"replies":[{"embeddable":true,"href":"https:\/\/afw.com.tr\/tr\/wp-json\/wp\/v2\/comments?post=3757"}],"wp:featuredmedia":[{"embeddable":true,"href":"https:\/\/afw.com.tr\/tr\/wp-json\/wp\/v2\/media\/3865"}],"wp:attachment":[{"href":"https:\/\/afw.com.tr\/tr\/wp-json\/wp\/v2\/media?parent=3757"}],"wp:term":[{"taxonomy":"product_cat","embeddable":true,"href":"https:\/\/afw.com.tr\/tr\/wp-json\/wp\/v2\/product_cat?post=3757"},{"taxonomy":"product_tag","embeddable":true,"href":"https:\/\/afw.com.tr\/tr\/wp-json\/wp\/v2\/product_tag?post=3757"}],"curies":[{"name":"wp","href":"https:\/\/api.w.org\/{rel}","templated":true}]}}